{"id":1438,"date":"2021-02-18T10:59:27","date_gmt":"2021-02-18T10:59:27","guid":{"rendered":"https:\/\/demosites.io\/neve-3\/shop\/"},"modified":"2021-02-18T10:59:27","modified_gmt":"2021-02-18T10:59:27","slug":"7b3c2-patterns","status":"publish","type":"page","link":"https:\/\/balikesirhedefmakina.com\/index.php\/7b3c2-patterns\/","title":{"rendered":"Patterns"},"content":{"rendered":"\n<div style=\"height:40px\" aria-hidden=\"true\" class=\"wp-block-spacer\"><\/div>\n\n\n\n<figure class=\"wp-block-image alignwide size-full\"><img loading=\"lazy\" decoding=\"async\" width=\"1200\" height=\"641\" src=\"https:\/\/balikesirhedefmakina.com\/wp-content\/uploads\/2021\/10\/neve-demo-image-32.png\" alt=\"\" class=\"wp-image-376\" srcset=\"https:\/\/balikesirhedefmakina.com\/wp-content\/uploads\/2021\/10\/neve-demo-image-32.png 1200w, https:\/\/balikesirhedefmakina.com\/wp-content\/uploads\/2021\/10\/neve-demo-image-32-300x160.png 300w\" sizes=\"auto, (max-width: 1200px) 100vw, 1200px\" \/><\/figure>\n\n\n\n<div style=\"height:40px\" aria-hidden=\"true\" class=\"wp-block-spacer\"><\/div>\n\n\n\n<div class=\"wp-block-columns are-vertically-aligned-center is-layout-flex wp-container-core-columns-is-layout-9d6595d7 wp-block-columns-is-layout-flex\">\n<div class=\"wp-block-column is-vertically-aligned-center is-layout-flow wp-block-column-is-layout-flow\">\n<h2 class=\"wp-block-heading\">Project title is cool.<\/h2>\n\n\n\n<p>Lorem ipsum, or lipsum as it is sometimes known, is dummy text used in laying out print, graphic or web designs. The passage is attributed to an unknown typesetter in the 15th century who is thought to have scrambled parts of Cicero&#8217;s De Finibus Bonorum et Malorum for use in a type specimen book.<\/p>\n<\/div>\n\n\n\n<div class=\"wp-block-column is-vertically-aligned-center is-layout-flow wp-block-column-is-layout-flow\" style=\"flex-basis:30%\">\n<ul class=\"wp-block-list\">\n<li>Project Specification 1<\/li>\n\n\n\n<li><span style=\"background-color: var(--nv-site-bg);color: var(--nv-text-color);font-family: var(--bodyFontFamily);font-size: var(--bodyFontSize);font-weight: var(--bodyFontWeight);letter-spacing: var(--bodyLetterSpacing);text-transform: var(--bodyTextTransform)\">Portfolio property<\/span><\/li>\n\n\n\n<li>Portfolio property<\/li>\n\n\n\n<li>Portfolio date<\/li>\n<\/ul>\n<\/div>\n<\/div>\n\n\n\n<div style=\"height:40px\" aria-hidden=\"true\" class=\"wp-block-spacer\"><\/div>\n\n\n\n<div class=\"wp-block-group\"><div class=\"wp-block-group__inner-container is-layout-flow wp-block-group-is-layout-flow\">\n<figure class=\"wp-block-gallery has-nested-images columns-2 is-cropped wp-block-gallery-1 is-layout-flex wp-block-gallery-is-layout-flex\">\n<figure class=\"wp-block-image size-large\"><img loading=\"lazy\" decoding=\"async\" width=\"800\" height=\"800\" data-id=\"375\" src=\"https:\/\/balikesirhedefmakina.com\/wp-content\/uploads\/2021\/10\/neve-demo-image-31.png\" alt=\"\" class=\"wp-image-375\" srcset=\"https:\/\/balikesirhedefmakina.com\/wp-content\/uploads\/2021\/10\/neve-demo-image-31.png 800w, https:\/\/balikesirhedefmakina.com\/wp-content\/uploads\/2021\/10\/neve-demo-image-31-300x300.png 300w, https:\/\/balikesirhedefmakina.com\/wp-content\/uploads\/2021\/10\/neve-demo-image-31-150x150.png 150w\" sizes=\"auto, (max-width: 800px) 100vw, 800px\" \/><\/figure>\n\n\n\n<figure class=\"wp-block-image size-large\"><img loading=\"lazy\" decoding=\"async\" width=\"800\" height=\"800\" data-id=\"378\" src=\"https:\/\/balikesirhedefmakina.com\/wp-content\/uploads\/2021\/10\/neve-demo-image-28.png\" alt=\"\" class=\"wp-image-378\" srcset=\"https:\/\/balikesirhedefmakina.com\/wp-content\/uploads\/2021\/10\/neve-demo-image-28.png 800w, https:\/\/balikesirhedefmakina.com\/wp-content\/uploads\/2021\/10\/neve-demo-image-28-300x300.png 300w, https:\/\/balikesirhedefmakina.com\/wp-content\/uploads\/2021\/10\/neve-demo-image-28-150x150.png 150w\" sizes=\"auto, (max-width: 800px) 100vw, 800px\" \/><\/figure>\n\n\n\n<figure class=\"wp-block-image size-large\"><img loading=\"lazy\" decoding=\"async\" width=\"800\" height=\"800\" data-id=\"373\" src=\"https:\/\/balikesirhedefmakina.com\/wp-content\/uploads\/2021\/10\/neve-demo-image-29.png\" alt=\"\" class=\"wp-image-373\" srcset=\"https:\/\/balikesirhedefmakina.com\/wp-content\/uploads\/2021\/10\/neve-demo-image-29.png 800w, https:\/\/balikesirhedefmakina.com\/wp-content\/uploads\/2021\/10\/neve-demo-image-29-300x300.png 300w, https:\/\/balikesirhedefmakina.com\/wp-content\/uploads\/2021\/10\/neve-demo-image-29-150x150.png 150w\" sizes=\"auto, (max-width: 800px) 100vw, 800px\" \/><\/figure>\n\n\n\n<figure class=\"wp-block-image size-large\"><img loading=\"lazy\" decoding=\"async\" width=\"800\" height=\"800\" data-id=\"374\" src=\"https:\/\/balikesirhedefmakina.com\/wp-content\/uploads\/2021\/10\/neve-demo-image-30.png\" alt=\"\" class=\"wp-image-374\" srcset=\"https:\/\/balikesirhedefmakina.com\/wp-content\/uploads\/2021\/10\/neve-demo-image-30.png 800w, https:\/\/balikesirhedefmakina.com\/wp-content\/uploads\/2021\/10\/neve-demo-image-30-300x300.png 300w, https:\/\/balikesirhedefmakina.com\/wp-content\/uploads\/2021\/10\/neve-demo-image-30-150x150.png 150w\" sizes=\"auto, (max-width: 800px) 100vw, 800px\" \/><\/figure>\n<\/figure>\n<\/div><\/div>\n\n\n\n<div style=\"height:40px\" aria-hidden=\"true\" class=\"wp-block-spacer\"><\/div>\n\n\n\n<div class=\"wp-block-columns is-layout-flex wp-container-core-columns-is-layout-9d6595d7 wp-block-columns-is-layout-flex\">\n<div class=\"wp-block-column is-layout-flow wp-block-column-is-layout-flow\">\n<h3 class=\"wp-block-heading\">Heading three<\/h3>\n\n\n\n<p>Lorem ipsum, or lipsum as it is sometimes known, is dummy text used in laying out print, graphic or web designs. <\/p>\n\n\n\n<div style=\"height:30px\" aria-hidden=\"true\" class=\"wp-block-spacer\"><\/div>\n<\/div>\n\n\n\n<div class=\"wp-block-column is-layout-flow wp-block-column-is-layout-flow\">\n<h3 class=\"wp-block-heading\">Heading three<\/h3>\n\n\n\n<p>The passage is attributed to an unknown typesetter in the 15th century who is thought to have scrambled parts.<\/p>\n\n\n\n<div style=\"height:30px\" aria-hidden=\"true\" class=\"wp-block-spacer\"><\/div>\n<\/div>\n\n\n\n<div class=\"wp-block-column is-layout-flow wp-block-column-is-layout-flow\">\n<h3 class=\"wp-block-heading\">Heading three<\/h3>\n\n\n\n<p>Lorem ipsum, or lipsum as it is sometimes known, is dummy text used in laying out print, graphic or web designs.<\/p>\n\n\n\n<div style=\"height:30px\" aria-hidden=\"true\" class=\"wp-block-spacer\"><\/div>\n<\/div>\n<\/div>\n\n\n\n<div style=\"height:20px\" aria-hidden=\"true\" class=\"wp-block-spacer\"><\/div>\n","protected":false},"excerpt":{"rendered":"<p>Project title is cool. Lorem ipsum, or lipsum as it is sometimes known, is dummy text used in laying out print, graphic or web designs. The passage is attributed to an unknown typesetter in the 15th century who is thought to have scrambled parts of Cicero&#8217;s De Finibus Bonorum et Malorum for use in a&hellip;&nbsp;<a href=\"https:\/\/balikesirhedefmakina.com\/index.php\/7b3c2-patterns\/\" class=\"\" rel=\"bookmark\">Daha fazlas\u0131n\u0131 oku &raquo;<span class=\"screen-reader-text\">Patterns<\/span><\/a><\/p>\n","protected":false},"author":1,"featured_media":0,"parent":0,"menu_order":0,"comment_status":"closed","ping_status":"closed","template":"","meta":{"neve_meta_sidebar":"","neve_meta_container":"contained","neve_meta_enable_content_width":"","neve_meta_content_width":0,"neve_meta_title_alignment":"center","neve_meta_author_avatar":"","neve_post_elements_order":"","neve_meta_disable_header":"","neve_meta_disable_footer":"","neve_meta_disable_title":"off","ngg_post_thumbnail":0,"footnotes":""},"class_list":["post-1438","page","type-page","status-publish","hentry"],"yoast_head":"<!-- This site is optimized with the Yoast SEO plugin v26.3 - https:\/\/yoast.com\/wordpress\/plugins\/seo\/ -->\n<title>Patterns | Hedef Makina Forklift<\/title>\n<meta name=\"description\" content=\"\u015eirketinizin Bal\u0131kesir&#039;de forklift kiralama ihtiyac\u0131 varsa Bal\u0131kesir Hedef Makina i\u015fletmeniz i\u00e7in istedi\u011finiz b\u00fcy\u00fckl\u00fckte arac\u0131 kiralayabilirsiniz.\" \/>\n<meta name=\"robots\" content=\"index, follow, max-snippet:-1, max-image-preview:large, max-video-preview:-1\" \/>\n<link rel=\"canonical\" href=\"https:\/\/balikesirhedefmakina.com\/index.php\/7b3c2-patterns\/\" \/>\n<meta property=\"og:locale\" content=\"tr_TR\" \/>\n<meta property=\"og:type\" content=\"article\" \/>\n<meta property=\"og:title\" content=\"Patterns | Hedef Makina Forklift\" \/>\n<meta property=\"og:description\" content=\"\u015eirketinizin Bal\u0131kesir&#039;de forklift kiralama ihtiyac\u0131 varsa Bal\u0131kesir Hedef Makina i\u015fletmeniz i\u00e7in istedi\u011finiz b\u00fcy\u00fckl\u00fckte arac\u0131 kiralayabilirsiniz.\" \/>\n<meta property=\"og:url\" content=\"https:\/\/balikesirhedefmakina.com\/index.php\/7b3c2-patterns\/\" \/>\n<meta property=\"og:site_name\" content=\"Hedef Makina Forklift\" \/>\n<meta property=\"og:image\" content=\"https:\/\/balikesirhedefmakina.com\/wp-content\/uploads\/2021\/10\/neve-demo-image-32.png\" \/>\n<meta name=\"twitter:card\" content=\"summary_large_image\" \/>\n<meta name=\"twitter:label1\" content=\"Tahmini okuma s\u00fcresi\" \/>\n\t<meta name=\"twitter:data1\" content=\"1 dakika\" \/>\n<script type=\"application\/ld+json\" class=\"yoast-schema-graph\">{\"@context\":\"https:\/\/schema.org\",\"@graph\":[{\"@type\":\"WebPage\",\"@id\":\"https:\/\/balikesirhedefmakina.com\/index.php\/7b3c2-patterns\/\",\"url\":\"https:\/\/balikesirhedefmakina.com\/index.php\/7b3c2-patterns\/\",\"name\":\"Patterns | Hedef Makina Forklift\",\"isPartOf\":{\"@id\":\"https:\/\/balikesirhedefmakina.com\/#website\"},\"primaryImageOfPage\":{\"@id\":\"https:\/\/balikesirhedefmakina.com\/index.php\/7b3c2-patterns\/#primaryimage\"},\"image\":{\"@id\":\"https:\/\/balikesirhedefmakina.com\/index.php\/7b3c2-patterns\/#primaryimage\"},\"thumbnailUrl\":\"https:\/\/balikesirhedefmakina.com\/wp-content\/uploads\/2021\/10\/neve-demo-image-32.png\",\"datePublished\":\"2021-02-18T10:59:27+00:00\",\"description\":\"\u015eirketinizin Bal\u0131kesir'de forklift kiralama ihtiyac\u0131 varsa Bal\u0131kesir Hedef Makina i\u015fletmeniz i\u00e7in istedi\u011finiz b\u00fcy\u00fckl\u00fckte arac\u0131 kiralayabilirsiniz.\",\"breadcrumb\":{\"@id\":\"https:\/\/balikesirhedefmakina.com\/index.php\/7b3c2-patterns\/#breadcrumb\"},\"inLanguage\":\"tr\",\"potentialAction\":[{\"@type\":\"ReadAction\",\"target\":[\"https:\/\/balikesirhedefmakina.com\/index.php\/7b3c2-patterns\/\"]}]},{\"@type\":\"ImageObject\",\"inLanguage\":\"tr\",\"@id\":\"https:\/\/balikesirhedefmakina.com\/index.php\/7b3c2-patterns\/#primaryimage\",\"url\":\"https:\/\/balikesirhedefmakina.com\/wp-content\/uploads\/2021\/10\/neve-demo-image-32.png\",\"contentUrl\":\"https:\/\/balikesirhedefmakina.com\/wp-content\/uploads\/2021\/10\/neve-demo-image-32.png\",\"width\":1200,\"height\":641},{\"@type\":\"BreadcrumbList\",\"@id\":\"https:\/\/balikesirhedefmakina.com\/index.php\/7b3c2-patterns\/#breadcrumb\",\"itemListElement\":[{\"@type\":\"ListItem\",\"position\":1,\"name\":\"Hedef makina\",\"item\":\"https:\/\/balikesirhedefmakina.com\/\"},{\"@type\":\"ListItem\",\"position\":2,\"name\":\"Patterns\"}]},{\"@type\":\"WebSite\",\"@id\":\"https:\/\/balikesirhedefmakina.com\/#website\",\"url\":\"https:\/\/balikesirhedefmakina.com\/\",\"name\":\"Bal\u0131kesir Hedef Makina Forklift\",\"description\":\"Bal\u0131kesir forklift kiralama\",\"publisher\":{\"@id\":\"https:\/\/balikesirhedefmakina.com\/#organization\"},\"potentialAction\":[{\"@type\":\"SearchAction\",\"target\":{\"@type\":\"EntryPoint\",\"urlTemplate\":\"https:\/\/balikesirhedefmakina.com\/?s={search_term_string}\"},\"query-input\":{\"@type\":\"PropertyValueSpecification\",\"valueRequired\":true,\"valueName\":\"search_term_string\"}}],\"inLanguage\":\"tr\"},{\"@type\":\"Organization\",\"@id\":\"https:\/\/balikesirhedefmakina.com\/#organization\",\"name\":\"Bal\u0131kesir Hedef Makina Forklift Kiralama\",\"url\":\"https:\/\/balikesirhedefmakina.com\/\",\"logo\":{\"@type\":\"ImageObject\",\"inLanguage\":\"tr\",\"@id\":\"https:\/\/balikesirhedefmakina.com\/#\/schema\/logo\/image\/\",\"url\":\"https:\/\/balikesirhedefmakina.com\/wp-content\/uploads\/2023\/12\/cropped-frkl-icon.png\",\"contentUrl\":\"https:\/\/balikesirhedefmakina.com\/wp-content\/uploads\/2023\/12\/cropped-frkl-icon.png\",\"width\":200,\"height\":118,\"caption\":\"Bal\u0131kesir Hedef Makina Forklift Kiralama\"},\"image\":{\"@id\":\"https:\/\/balikesirhedefmakina.com\/#\/schema\/logo\/image\/\"}}]}<\/script>\n<!-- \/ Yoast SEO plugin. -->","yoast_head_json":{"title":"Patterns | Hedef Makina Forklift","description":"\u015eirketinizin Bal\u0131kesir'de forklift kiralama ihtiyac\u0131 varsa Bal\u0131kesir Hedef Makina i\u015fletmeniz i\u00e7in istedi\u011finiz b\u00fcy\u00fckl\u00fckte arac\u0131 kiralayabilirsiniz.","robots":{"index":"index","follow":"follow","max-snippet":"max-snippet:-1","max-image-preview":"max-image-preview:large","max-video-preview":"max-video-preview:-1"},"canonical":"https:\/\/balikesirhedefmakina.com\/index.php\/7b3c2-patterns\/","og_locale":"tr_TR","og_type":"article","og_title":"Patterns | Hedef Makina Forklift","og_description":"\u015eirketinizin Bal\u0131kesir'de forklift kiralama ihtiyac\u0131 varsa Bal\u0131kesir Hedef Makina i\u015fletmeniz i\u00e7in istedi\u011finiz b\u00fcy\u00fckl\u00fckte arac\u0131 kiralayabilirsiniz.","og_url":"https:\/\/balikesirhedefmakina.com\/index.php\/7b3c2-patterns\/","og_site_name":"Hedef Makina Forklift","og_image":[{"url":"https:\/\/balikesirhedefmakina.com\/wp-content\/uploads\/2021\/10\/neve-demo-image-32.png","type":"","width":"","height":""}],"twitter_card":"summary_large_image","twitter_misc":{"Tahmini okuma s\u00fcresi":"1 dakika"},"schema":{"@context":"https:\/\/schema.org","@graph":[{"@type":"WebPage","@id":"https:\/\/balikesirhedefmakina.com\/index.php\/7b3c2-patterns\/","url":"https:\/\/balikesirhedefmakina.com\/index.php\/7b3c2-patterns\/","name":"Patterns | Hedef Makina Forklift","isPartOf":{"@id":"https:\/\/balikesirhedefmakina.com\/#website"},"primaryImageOfPage":{"@id":"https:\/\/balikesirhedefmakina.com\/index.php\/7b3c2-patterns\/#primaryimage"},"image":{"@id":"https:\/\/balikesirhedefmakina.com\/index.php\/7b3c2-patterns\/#primaryimage"},"thumbnailUrl":"https:\/\/balikesirhedefmakina.com\/wp-content\/uploads\/2021\/10\/neve-demo-image-32.png","datePublished":"2021-02-18T10:59:27+00:00","description":"\u015eirketinizin Bal\u0131kesir'de forklift kiralama ihtiyac\u0131 varsa Bal\u0131kesir Hedef Makina i\u015fletmeniz i\u00e7in istedi\u011finiz b\u00fcy\u00fckl\u00fckte arac\u0131 kiralayabilirsiniz.","breadcrumb":{"@id":"https:\/\/balikesirhedefmakina.com\/index.php\/7b3c2-patterns\/#breadcrumb"},"inLanguage":"tr","potentialAction":[{"@type":"ReadAction","target":["https:\/\/balikesirhedefmakina.com\/index.php\/7b3c2-patterns\/"]}]},{"@type":"ImageObject","inLanguage":"tr","@id":"https:\/\/balikesirhedefmakina.com\/index.php\/7b3c2-patterns\/#primaryimage","url":"https:\/\/balikesirhedefmakina.com\/wp-content\/uploads\/2021\/10\/neve-demo-image-32.png","contentUrl":"https:\/\/balikesirhedefmakina.com\/wp-content\/uploads\/2021\/10\/neve-demo-image-32.png","width":1200,"height":641},{"@type":"BreadcrumbList","@id":"https:\/\/balikesirhedefmakina.com\/index.php\/7b3c2-patterns\/#breadcrumb","itemListElement":[{"@type":"ListItem","position":1,"name":"Hedef makina","item":"https:\/\/balikesirhedefmakina.com\/"},{"@type":"ListItem","position":2,"name":"Patterns"}]},{"@type":"WebSite","@id":"https:\/\/balikesirhedefmakina.com\/#website","url":"https:\/\/balikesirhedefmakina.com\/","name":"Bal\u0131kesir Hedef Makina Forklift","description":"Bal\u0131kesir forklift kiralama","publisher":{"@id":"https:\/\/balikesirhedefmakina.com\/#organization"},"potentialAction":[{"@type":"SearchAction","target":{"@type":"EntryPoint","urlTemplate":"https:\/\/balikesirhedefmakina.com\/?s={search_term_string}"},"query-input":{"@type":"PropertyValueSpecification","valueRequired":true,"valueName":"search_term_string"}}],"inLanguage":"tr"},{"@type":"Organization","@id":"https:\/\/balikesirhedefmakina.com\/#organization","name":"Bal\u0131kesir Hedef Makina Forklift Kiralama","url":"https:\/\/balikesirhedefmakina.com\/","logo":{"@type":"ImageObject","inLanguage":"tr","@id":"https:\/\/balikesirhedefmakina.com\/#\/schema\/logo\/image\/","url":"https:\/\/balikesirhedefmakina.com\/wp-content\/uploads\/2023\/12\/cropped-frkl-icon.png","contentUrl":"https:\/\/balikesirhedefmakina.com\/wp-content\/uploads\/2023\/12\/cropped-frkl-icon.png","width":200,"height":118,"caption":"Bal\u0131kesir Hedef Makina Forklift Kiralama"},"image":{"@id":"https:\/\/balikesirhedefmakina.com\/#\/schema\/logo\/image\/"}}]}},"_links":{"self":[{"href":"https:\/\/balikesirhedefmakina.com\/index.php\/wp-json\/wp\/v2\/pages\/1438","targetHints":{"allow":["GET"]}}],"collection":[{"href":"https:\/\/balikesirhedefmakina.com\/index.php\/wp-json\/wp\/v2\/pages"}],"about":[{"href":"https:\/\/balikesirhedefmakina.com\/index.php\/wp-json\/wp\/v2\/types\/page"}],"author":[{"embeddable":true,"href":"https:\/\/balikesirhedefmakina.com\/index.php\/wp-json\/wp\/v2\/users\/1"}],"replies":[{"embeddable":true,"href":"https:\/\/balikesirhedefmakina.com\/index.php\/wp-json\/wp\/v2\/comments?post=1438"}],"version-history":[{"count":0,"href":"https:\/\/balikesirhedefmakina.com\/index.php\/wp-json\/wp\/v2\/pages\/1438\/revisions"}],"wp:attachment":[{"href":"https:\/\/balikesirhedefmakina.com\/index.php\/wp-json\/wp\/v2\/media?parent=1438"}],"curies":[{"name":"wp","href":"https:\/\/api.w.org\/{rel}","templated":true}]}}