{"id":368,"date":"2021-10-11T07:17:30","date_gmt":"2021-10-11T07:17:30","guid":{"rendered":"https:\/\/demosites.io\/neve-3\/?page_id=368"},"modified":"2021-10-11T07:17:30","modified_gmt":"2021-10-11T07:17:30","slug":"7b3c2-galleries","status":"publish","type":"page","link":"https:\/\/balikesirhedefmakina.com\/index.php\/7b3c2-patterns\/7b3c2-galleries\/","title":{"rendered":"Galleries"},"content":{"rendered":"\n<div class=\"wp-block-group\"><div class=\"wp-block-group__inner-container is-layout-flow wp-block-group-is-layout-flow\">\n<figure class=\"wp-block-gallery has-nested-images columns-2 is-cropped wp-block-gallery-1 is-layout-flex wp-block-gallery-is-layout-flex\">\n<figure class=\"wp-block-image size-large\"><img loading=\"lazy\" decoding=\"async\" width=\"800\" height=\"800\" data-id=\"373\" src=\"https:\/\/balikesirhedefmakina.com\/wp-content\/uploads\/2021\/10\/neve-demo-image-29.png\" alt=\"\" class=\"wp-image-373\" srcset=\"https:\/\/balikesirhedefmakina.com\/wp-content\/uploads\/2021\/10\/neve-demo-image-29.png 800w, https:\/\/balikesirhedefmakina.com\/wp-content\/uploads\/2021\/10\/neve-demo-image-29-300x300.png 300w, https:\/\/balikesirhedefmakina.com\/wp-content\/uploads\/2021\/10\/neve-demo-image-29-150x150.png 150w\" sizes=\"auto, (max-width: 800px) 100vw, 800px\" \/><\/figure>\n\n\n\n<figure class=\"wp-block-image size-large\"><img loading=\"lazy\" decoding=\"async\" width=\"800\" height=\"800\" data-id=\"374\" src=\"https:\/\/balikesirhedefmakina.com\/wp-content\/uploads\/2021\/10\/neve-demo-image-30.png\" alt=\"\" class=\"wp-image-374\" srcset=\"https:\/\/balikesirhedefmakina.com\/wp-content\/uploads\/2021\/10\/neve-demo-image-30.png 800w, https:\/\/balikesirhedefmakina.com\/wp-content\/uploads\/2021\/10\/neve-demo-image-30-300x300.png 300w, https:\/\/balikesirhedefmakina.com\/wp-content\/uploads\/2021\/10\/neve-demo-image-30-150x150.png 150w\" sizes=\"auto, (max-width: 800px) 100vw, 800px\" \/><\/figure>\n\n\n\n<figure class=\"wp-block-image size-large\"><img loading=\"lazy\" decoding=\"async\" width=\"475\" height=\"475\" data-id=\"370\" src=\"https:\/\/balikesirhedefmakina.com\/wp-content\/uploads\/2021\/10\/neve-alt-02.png\" alt=\"\" class=\"wp-image-370\" srcset=\"https:\/\/balikesirhedefmakina.com\/wp-content\/uploads\/2021\/10\/neve-alt-02.png 475w, https:\/\/balikesirhedefmakina.com\/wp-content\/uploads\/2021\/10\/neve-alt-02-300x300.png 300w, https:\/\/balikesirhedefmakina.com\/wp-content\/uploads\/2021\/10\/neve-alt-02-150x150.png 150w\" sizes=\"auto, (max-width: 475px) 100vw, 475px\" \/><\/figure>\n\n\n\n<figure class=\"wp-block-image size-large\"><img loading=\"lazy\" decoding=\"async\" width=\"800\" height=\"800\" data-id=\"375\" src=\"https:\/\/balikesirhedefmakina.com\/wp-content\/uploads\/2021\/10\/neve-demo-image-31.png\" alt=\"\" class=\"wp-image-375\" srcset=\"https:\/\/balikesirhedefmakina.com\/wp-content\/uploads\/2021\/10\/neve-demo-image-31.png 800w, https:\/\/balikesirhedefmakina.com\/wp-content\/uploads\/2021\/10\/neve-demo-image-31-300x300.png 300w, https:\/\/balikesirhedefmakina.com\/wp-content\/uploads\/2021\/10\/neve-demo-image-31-150x150.png 150w\" sizes=\"auto, (max-width: 800px) 100vw, 800px\" \/><\/figure>\n<\/figure>\n\n\n\n<div style=\"height:80px\" aria-hidden=\"true\" class=\"wp-block-spacer\"><\/div>\n<\/div><\/div>\n\n\n\n<div class=\"wp-block-cover alignfull\" style=\"min-height:300px;aspect-ratio:unset;\"><span aria-hidden=\"true\" class=\"wp-block-cover__background has-nv-dark-bg-background-color has-background-dim-100 has-background-dim\"><\/span><div class=\"wp-block-cover__inner-container is-layout-flow wp-block-cover-is-layout-flow\">\n<div style=\"height:80px\" aria-hidden=\"true\" class=\"wp-block-spacer\"><\/div>\n\n\n<div class=\"wp-block-image\">\n<figure class=\"aligncenter size-full\"><img loading=\"lazy\" decoding=\"async\" width=\"1190\" height=\"630\" src=\"https:\/\/balikesirhedefmakina.com\/wp-content\/uploads\/2021\/10\/neve-demo-image-14.png\" alt=\"\" class=\"wp-image-337\" srcset=\"https:\/\/balikesirhedefmakina.com\/wp-content\/uploads\/2021\/10\/neve-demo-image-14.png 1190w, https:\/\/balikesirhedefmakina.com\/wp-content\/uploads\/2021\/10\/neve-demo-image-14-300x159.png 300w\" sizes=\"auto, (max-width: 1190px) 100vw, 1190px\" \/><\/figure>\n<\/div>\n\n\n<div style=\"height:50px\" aria-hidden=\"true\" class=\"wp-block-spacer\"><\/div>\n<\/div><\/div>\n\n\n\n<div style=\"height:80px\" aria-hidden=\"true\" class=\"wp-block-spacer\"><\/div>\n\n\n\n<div class=\"wp-block-columns is-layout-flex wp-container-core-columns-is-layout-9d6595d7 wp-block-columns-is-layout-flex\">\n<div class=\"wp-block-column is-layout-flow wp-block-column-is-layout-flow\" style=\"flex-basis:33.3%\">\n<figure class=\"wp-block-image size-full\"><img loading=\"lazy\" decoding=\"async\" width=\"800\" height=\"800\" src=\"https:\/\/balikesirhedefmakina.com\/wp-content\/uploads\/2021\/10\/neve-demo-image-28.png\" alt=\"\" class=\"wp-image-378\" srcset=\"https:\/\/balikesirhedefmakina.com\/wp-content\/uploads\/2021\/10\/neve-demo-image-28.png 800w, https:\/\/balikesirhedefmakina.com\/wp-content\/uploads\/2021\/10\/neve-demo-image-28-300x300.png 300w, https:\/\/balikesirhedefmakina.com\/wp-content\/uploads\/2021\/10\/neve-demo-image-28-150x150.png 150w\" sizes=\"auto, (max-width: 800px) 100vw, 800px\" \/><\/figure>\n<\/div>\n\n\n\n<div class=\"wp-block-column is-layout-flow wp-block-column-is-layout-flow\" style=\"flex-basis:33%\">\n<figure class=\"wp-block-image size-full\"><img loading=\"lazy\" decoding=\"async\" width=\"800\" height=\"800\" src=\"https:\/\/balikesirhedefmakina.com\/wp-content\/uploads\/2021\/10\/neve-demo-image-29.png\" alt=\"\" class=\"wp-image-373\" srcset=\"https:\/\/balikesirhedefmakina.com\/wp-content\/uploads\/2021\/10\/neve-demo-image-29.png 800w, https:\/\/balikesirhedefmakina.com\/wp-content\/uploads\/2021\/10\/neve-demo-image-29-300x300.png 300w, https:\/\/balikesirhedefmakina.com\/wp-content\/uploads\/2021\/10\/neve-demo-image-29-150x150.png 150w\" sizes=\"auto, (max-width: 800px) 100vw, 800px\" \/><\/figure>\n<\/div>\n\n\n\n<div class=\"wp-block-column is-layout-flow wp-block-column-is-layout-flow\" style=\"flex-basis:33%\">\n<figure class=\"wp-block-image size-full\"><img loading=\"lazy\" decoding=\"async\" width=\"800\" height=\"800\" src=\"https:\/\/balikesirhedefmakina.com\/wp-content\/uploads\/2021\/10\/neve-demo-image-31.png\" alt=\"\" class=\"wp-image-375\" srcset=\"https:\/\/balikesirhedefmakina.com\/wp-content\/uploads\/2021\/10\/neve-demo-image-31.png 800w, https:\/\/balikesirhedefmakina.com\/wp-content\/uploads\/2021\/10\/neve-demo-image-31-300x300.png 300w, https:\/\/balikesirhedefmakina.com\/wp-content\/uploads\/2021\/10\/neve-demo-image-31-150x150.png 150w\" sizes=\"auto, (max-width: 800px) 100vw, 800px\" \/><\/figure>\n<\/div>\n<\/div>\n\n\n\n<div class=\"wp-block-columns is-layout-flex wp-container-core-columns-is-layout-9d6595d7 wp-block-columns-is-layout-flex\">\n<div class=\"wp-block-column is-layout-flow wp-block-column-is-layout-flow\">\n<figure class=\"wp-block-image size-full\"><img loading=\"lazy\" decoding=\"async\" width=\"780\" height=\"780\" src=\"https:\/\/balikesirhedefmakina.com\/wp-content\/uploads\/2021\/10\/neve-demo-image-04.png\" alt=\"\" class=\"wp-image-327\" srcset=\"https:\/\/balikesirhedefmakina.com\/wp-content\/uploads\/2021\/10\/neve-demo-image-04.png 780w, https:\/\/balikesirhedefmakina.com\/wp-content\/uploads\/2021\/10\/neve-demo-image-04-300x300.png 300w, https:\/\/balikesirhedefmakina.com\/wp-content\/uploads\/2021\/10\/neve-demo-image-04-150x150.png 150w\" sizes=\"auto, (max-width: 780px) 100vw, 780px\" \/><\/figure>\n<\/div>\n\n\n\n<div class=\"wp-block-column is-layout-flow wp-block-column-is-layout-flow\">\n<figure class=\"wp-block-image size-full\"><img loading=\"lazy\" decoding=\"async\" width=\"780\" height=\"780\" src=\"https:\/\/balikesirhedefmakina.com\/wp-content\/uploads\/2021\/10\/neve-demo-image-09.png\" alt=\"\" class=\"wp-image-332\" srcset=\"https:\/\/balikesirhedefmakina.com\/wp-content\/uploads\/2021\/10\/neve-demo-image-09.png 780w, https:\/\/balikesirhedefmakina.com\/wp-content\/uploads\/2021\/10\/neve-demo-image-09-300x300.png 300w, https:\/\/balikesirhedefmakina.com\/wp-content\/uploads\/2021\/10\/neve-demo-image-09-150x150.png 150w\" sizes=\"auto, (max-width: 780px) 100vw, 780px\" \/><\/figure>\n<\/div>\n<\/div>\n\n\n\n<div style=\"height:50px\" aria-hidden=\"true\" class=\"wp-block-spacer\"><\/div>\n","protected":false},"excerpt":{"rendered":"","protected":false},"author":1,"featured_media":0,"parent":1438,"menu_order":0,"comment_status":"closed","ping_status":"closed","template":"","meta":{"neve_meta_sidebar":"","neve_meta_container":"contained","neve_meta_enable_content_width":"on","neve_meta_content_width":100,"neve_meta_title_alignment":"center","neve_meta_author_avatar":"","neve_post_elements_order":"","neve_meta_disable_header":"","neve_meta_disable_footer":"","neve_meta_disable_title":"off","ngg_post_thumbnail":0,"footnotes":""},"class_list":["post-368","page","type-page","status-publish","hentry"],"yoast_head":"<!-- This site is optimized with the Yoast SEO plugin v26.3 - https:\/\/yoast.com\/wordpress\/plugins\/seo\/ -->\n<title>Galleries | Hedef Makina Forklift<\/title>\n<meta name=\"description\" content=\"\u015eirketinizin Bal\u0131kesir&#039;de forklift kiralama ihtiyac\u0131 varsa Bal\u0131kesir Hedef Makina i\u015fletmeniz i\u00e7in istedi\u011finiz b\u00fcy\u00fckl\u00fckte arac\u0131 kiralayabilirsiniz.\" \/>\n<meta name=\"robots\" content=\"index, follow, max-snippet:-1, max-image-preview:large, max-video-preview:-1\" \/>\n<link rel=\"canonical\" href=\"https:\/\/balikesirhedefmakina.com\/index.php\/7b3c2-patterns\/7b3c2-galleries\/\" \/>\n<meta property=\"og:locale\" content=\"tr_TR\" \/>\n<meta property=\"og:type\" content=\"article\" \/>\n<meta property=\"og:title\" content=\"Galleries | Hedef Makina Forklift\" \/>\n<meta property=\"og:description\" content=\"\u015eirketinizin Bal\u0131kesir&#039;de forklift kiralama ihtiyac\u0131 varsa Bal\u0131kesir Hedef Makina i\u015fletmeniz i\u00e7in istedi\u011finiz b\u00fcy\u00fckl\u00fckte arac\u0131 kiralayabilirsiniz.\" \/>\n<meta property=\"og:url\" content=\"https:\/\/balikesirhedefmakina.com\/index.php\/7b3c2-patterns\/7b3c2-galleries\/\" \/>\n<meta property=\"og:site_name\" content=\"Hedef Makina Forklift\" \/>\n<meta property=\"og:image\" content=\"https:\/\/balikesirhedefmakina.com\/wp-content\/uploads\/2021\/10\/neve-demo-image-29.png\" \/>\n<meta name=\"twitter:card\" content=\"summary_large_image\" \/>\n<script type=\"application\/ld+json\" class=\"yoast-schema-graph\">{\"@context\":\"https:\/\/schema.org\",\"@graph\":[{\"@type\":\"WebPage\",\"@id\":\"https:\/\/balikesirhedefmakina.com\/index.php\/7b3c2-patterns\/7b3c2-galleries\/\",\"url\":\"https:\/\/balikesirhedefmakina.com\/index.php\/7b3c2-patterns\/7b3c2-galleries\/\",\"name\":\"Galleries | Hedef Makina Forklift\",\"isPartOf\":{\"@id\":\"https:\/\/balikesirhedefmakina.com\/#website\"},\"primaryImageOfPage\":{\"@id\":\"https:\/\/balikesirhedefmakina.com\/index.php\/7b3c2-patterns\/7b3c2-galleries\/#primaryimage\"},\"image\":{\"@id\":\"https:\/\/balikesirhedefmakina.com\/index.php\/7b3c2-patterns\/7b3c2-galleries\/#primaryimage\"},\"thumbnailUrl\":\"https:\/\/balikesirhedefmakina.com\/wp-content\/uploads\/2021\/10\/neve-demo-image-29.png\",\"datePublished\":\"2021-10-11T07:17:30+00:00\",\"description\":\"\u015eirketinizin Bal\u0131kesir'de forklift kiralama ihtiyac\u0131 varsa Bal\u0131kesir Hedef Makina i\u015fletmeniz i\u00e7in istedi\u011finiz b\u00fcy\u00fckl\u00fckte arac\u0131 kiralayabilirsiniz.\",\"breadcrumb\":{\"@id\":\"https:\/\/balikesirhedefmakina.com\/index.php\/7b3c2-patterns\/7b3c2-galleries\/#breadcrumb\"},\"inLanguage\":\"tr\",\"potentialAction\":[{\"@type\":\"ReadAction\",\"target\":[\"https:\/\/balikesirhedefmakina.com\/index.php\/7b3c2-patterns\/7b3c2-galleries\/\"]}]},{\"@type\":\"ImageObject\",\"inLanguage\":\"tr\",\"@id\":\"https:\/\/balikesirhedefmakina.com\/index.php\/7b3c2-patterns\/7b3c2-galleries\/#primaryimage\",\"url\":\"https:\/\/balikesirhedefmakina.com\/wp-content\/uploads\/2021\/10\/neve-demo-image-29.png\",\"contentUrl\":\"https:\/\/balikesirhedefmakina.com\/wp-content\/uploads\/2021\/10\/neve-demo-image-29.png\",\"width\":800,\"height\":800},{\"@type\":\"BreadcrumbList\",\"@id\":\"https:\/\/balikesirhedefmakina.com\/index.php\/7b3c2-patterns\/7b3c2-galleries\/#breadcrumb\",\"itemListElement\":[{\"@type\":\"ListItem\",\"position\":1,\"name\":\"Hedef makina\",\"item\":\"https:\/\/balikesirhedefmakina.com\/\"},{\"@type\":\"ListItem\",\"position\":2,\"name\":\"Patterns\",\"item\":\"https:\/\/balikesirhedefmakina.com\/index.php\/7b3c2-patterns\/\"},{\"@type\":\"ListItem\",\"position\":3,\"name\":\"Galleries\"}]},{\"@type\":\"WebSite\",\"@id\":\"https:\/\/balikesirhedefmakina.com\/#website\",\"url\":\"https:\/\/balikesirhedefmakina.com\/\",\"name\":\"Bal\u0131kesir Hedef Makina Forklift\",\"description\":\"Bal\u0131kesir forklift kiralama\",\"publisher\":{\"@id\":\"https:\/\/balikesirhedefmakina.com\/#organization\"},\"potentialAction\":[{\"@type\":\"SearchAction\",\"target\":{\"@type\":\"EntryPoint\",\"urlTemplate\":\"https:\/\/balikesirhedefmakina.com\/?s={search_term_string}\"},\"query-input\":{\"@type\":\"PropertyValueSpecification\",\"valueRequired\":true,\"valueName\":\"search_term_string\"}}],\"inLanguage\":\"tr\"},{\"@type\":\"Organization\",\"@id\":\"https:\/\/balikesirhedefmakina.com\/#organization\",\"name\":\"Bal\u0131kesir Hedef Makina Forklift Kiralama\",\"url\":\"https:\/\/balikesirhedefmakina.com\/\",\"logo\":{\"@type\":\"ImageObject\",\"inLanguage\":\"tr\",\"@id\":\"https:\/\/balikesirhedefmakina.com\/#\/schema\/logo\/image\/\",\"url\":\"https:\/\/balikesirhedefmakina.com\/wp-content\/uploads\/2023\/12\/cropped-frkl-icon.png\",\"contentUrl\":\"https:\/\/balikesirhedefmakina.com\/wp-content\/uploads\/2023\/12\/cropped-frkl-icon.png\",\"width\":200,\"height\":118,\"caption\":\"Bal\u0131kesir Hedef Makina Forklift Kiralama\"},\"image\":{\"@id\":\"https:\/\/balikesirhedefmakina.com\/#\/schema\/logo\/image\/\"}}]}<\/script>\n<!-- \/ Yoast SEO plugin. -->","yoast_head_json":{"title":"Galleries | Hedef Makina Forklift","description":"\u015eirketinizin Bal\u0131kesir'de forklift kiralama ihtiyac\u0131 varsa Bal\u0131kesir Hedef Makina i\u015fletmeniz i\u00e7in istedi\u011finiz b\u00fcy\u00fckl\u00fckte arac\u0131 kiralayabilirsiniz.","robots":{"index":"index","follow":"follow","max-snippet":"max-snippet:-1","max-image-preview":"max-image-preview:large","max-video-preview":"max-video-preview:-1"},"canonical":"https:\/\/balikesirhedefmakina.com\/index.php\/7b3c2-patterns\/7b3c2-galleries\/","og_locale":"tr_TR","og_type":"article","og_title":"Galleries | Hedef Makina Forklift","og_description":"\u015eirketinizin Bal\u0131kesir'de forklift kiralama ihtiyac\u0131 varsa Bal\u0131kesir Hedef Makina i\u015fletmeniz i\u00e7in istedi\u011finiz b\u00fcy\u00fckl\u00fckte arac\u0131 kiralayabilirsiniz.","og_url":"https:\/\/balikesirhedefmakina.com\/index.php\/7b3c2-patterns\/7b3c2-galleries\/","og_site_name":"Hedef Makina Forklift","og_image":[{"url":"https:\/\/balikesirhedefmakina.com\/wp-content\/uploads\/2021\/10\/neve-demo-image-29.png","type":"","width":"","height":""}],"twitter_card":"summary_large_image","schema":{"@context":"https:\/\/schema.org","@graph":[{"@type":"WebPage","@id":"https:\/\/balikesirhedefmakina.com\/index.php\/7b3c2-patterns\/7b3c2-galleries\/","url":"https:\/\/balikesirhedefmakina.com\/index.php\/7b3c2-patterns\/7b3c2-galleries\/","name":"Galleries | Hedef Makina Forklift","isPartOf":{"@id":"https:\/\/balikesirhedefmakina.com\/#website"},"primaryImageOfPage":{"@id":"https:\/\/balikesirhedefmakina.com\/index.php\/7b3c2-patterns\/7b3c2-galleries\/#primaryimage"},"image":{"@id":"https:\/\/balikesirhedefmakina.com\/index.php\/7b3c2-patterns\/7b3c2-galleries\/#primaryimage"},"thumbnailUrl":"https:\/\/balikesirhedefmakina.com\/wp-content\/uploads\/2021\/10\/neve-demo-image-29.png","datePublished":"2021-10-11T07:17:30+00:00","description":"\u015eirketinizin Bal\u0131kesir'de forklift kiralama ihtiyac\u0131 varsa Bal\u0131kesir Hedef Makina i\u015fletmeniz i\u00e7in istedi\u011finiz b\u00fcy\u00fckl\u00fckte arac\u0131 kiralayabilirsiniz.","breadcrumb":{"@id":"https:\/\/balikesirhedefmakina.com\/index.php\/7b3c2-patterns\/7b3c2-galleries\/#breadcrumb"},"inLanguage":"tr","potentialAction":[{"@type":"ReadAction","target":["https:\/\/balikesirhedefmakina.com\/index.php\/7b3c2-patterns\/7b3c2-galleries\/"]}]},{"@type":"ImageObject","inLanguage":"tr","@id":"https:\/\/balikesirhedefmakina.com\/index.php\/7b3c2-patterns\/7b3c2-galleries\/#primaryimage","url":"https:\/\/balikesirhedefmakina.com\/wp-content\/uploads\/2021\/10\/neve-demo-image-29.png","contentUrl":"https:\/\/balikesirhedefmakina.com\/wp-content\/uploads\/2021\/10\/neve-demo-image-29.png","width":800,"height":800},{"@type":"BreadcrumbList","@id":"https:\/\/balikesirhedefmakina.com\/index.php\/7b3c2-patterns\/7b3c2-galleries\/#breadcrumb","itemListElement":[{"@type":"ListItem","position":1,"name":"Hedef makina","item":"https:\/\/balikesirhedefmakina.com\/"},{"@type":"ListItem","position":2,"name":"Patterns","item":"https:\/\/balikesirhedefmakina.com\/index.php\/7b3c2-patterns\/"},{"@type":"ListItem","position":3,"name":"Galleries"}]},{"@type":"WebSite","@id":"https:\/\/balikesirhedefmakina.com\/#website","url":"https:\/\/balikesirhedefmakina.com\/","name":"Bal\u0131kesir Hedef Makina Forklift","description":"Bal\u0131kesir forklift kiralama","publisher":{"@id":"https:\/\/balikesirhedefmakina.com\/#organization"},"potentialAction":[{"@type":"SearchAction","target":{"@type":"EntryPoint","urlTemplate":"https:\/\/balikesirhedefmakina.com\/?s={search_term_string}"},"query-input":{"@type":"PropertyValueSpecification","valueRequired":true,"valueName":"search_term_string"}}],"inLanguage":"tr"},{"@type":"Organization","@id":"https:\/\/balikesirhedefmakina.com\/#organization","name":"Bal\u0131kesir Hedef Makina Forklift Kiralama","url":"https:\/\/balikesirhedefmakina.com\/","logo":{"@type":"ImageObject","inLanguage":"tr","@id":"https:\/\/balikesirhedefmakina.com\/#\/schema\/logo\/image\/","url":"https:\/\/balikesirhedefmakina.com\/wp-content\/uploads\/2023\/12\/cropped-frkl-icon.png","contentUrl":"https:\/\/balikesirhedefmakina.com\/wp-content\/uploads\/2023\/12\/cropped-frkl-icon.png","width":200,"height":118,"caption":"Bal\u0131kesir Hedef Makina Forklift Kiralama"},"image":{"@id":"https:\/\/balikesirhedefmakina.com\/#\/schema\/logo\/image\/"}}]}},"_links":{"self":[{"href":"https:\/\/balikesirhedefmakina.com\/index.php\/wp-json\/wp\/v2\/pages\/368","targetHints":{"allow":["GET"]}}],"collection":[{"href":"https:\/\/balikesirhedefmakina.com\/index.php\/wp-json\/wp\/v2\/pages"}],"about":[{"href":"https:\/\/balikesirhedefmakina.com\/index.php\/wp-json\/wp\/v2\/types\/page"}],"author":[{"embeddable":true,"href":"https:\/\/balikesirhedefmakina.com\/index.php\/wp-json\/wp\/v2\/users\/1"}],"replies":[{"embeddable":true,"href":"https:\/\/balikesirhedefmakina.com\/index.php\/wp-json\/wp\/v2\/comments?post=368"}],"version-history":[{"count":0,"href":"https:\/\/balikesirhedefmakina.com\/index.php\/wp-json\/wp\/v2\/pages\/368\/revisions"}],"up":[{"embeddable":true,"href":"https:\/\/balikesirhedefmakina.com\/index.php\/wp-json\/wp\/v2\/pages\/1438"}],"wp:attachment":[{"href":"https:\/\/balikesirhedefmakina.com\/index.php\/wp-json\/wp\/v2\/media?parent=368"}],"curies":[{"name":"wp","href":"https:\/\/api.w.org\/{rel}","templated":true}]}}